{"id":1927,"date":"2025-04-24T10:28:40","date_gmt":"2025-04-24T16:28:40","guid":{"rendered":"https:\/\/tiendasportech.com\/?post_type=product&#038;p=1927"},"modified":"2026-04-14T19:23:47","modified_gmt":"2026-04-15T01:23:47","slug":"paquete-yoga","status":"publish","type":"product","link":"https:\/\/tiendasportech.com\/index.php\/producto\/paquete-yoga\/","title":{"rendered":"Paquete Yoga"},"content":{"rendered":"<h3 class=\"\" data-start=\"644\" data-end=\"672\">\ud83e\uddd8\u200d\u2640\ufe0f <strong data-start=\"654\" data-end=\"670\">Paquete Yoga<\/strong><\/h3>\n<p class=\"\" data-start=\"673\" data-end=\"738\">Tu espacio perfecto para relajarte y fortalecer cuerpo y mente:<\/p>\n<ul data-start=\"739\" data-end=\"1082\">\n<li class=\"\" data-start=\"739\" data-end=\"834\">\n<p class=\"\" data-start=\"741\" data-end=\"834\"><strong data-start=\"741\" data-end=\"769\">Tapete rosa 6mm (TY006):<\/strong> Amortiguaci\u00f3n ideal para tus posturas, suave y antideslizante.<\/p>\n<\/li>\n<li class=\"\" data-start=\"835\" data-end=\"938\">\n<p class=\"\" data-start=\"837\" data-end=\"938\"><strong data-start=\"837\" data-end=\"866\">Pelota de 65 cm (PP0065):<\/strong> Perfecta para estiramientos, estabilidad y ejercicios de respiraci\u00f3n.<\/p>\n<\/li>\n<li class=\"\" data-start=\"939\" data-end=\"1082\">\n<p class=\"\" data-start=\"941\" data-end=\"1082\"><strong data-start=\"941\" data-end=\"959\">Bloque morado:<\/strong> Apoyo extra para mejorar tu alineaci\u00f3n y avanzar en tus posturas.<br data-start=\"1025\" data-end=\"1028\" \/>\u00a1Conecta contigo misma y mejora tu pr\u00e1ctica d\u00eda a d\u00eda!<\/p>\n<\/li>\n<\/ul>\n","protected":false},"excerpt":{"rendered":"<h3 class=\"\" data-start=\"644\" data-end=\"672\">\ud83e\uddd8\u200d\u2640\ufe0f <strong data-start=\"654\" data-end=\"670\">Paquete Yoga<\/strong><\/h3>\n<p class=\"\" data-start=\"673\" data-end=\"738\">Tu espacio perfecto para relajarte y fortalecer cuerpo y mente:<\/p>\n<ul data-start=\"739\" data-end=\"1082\">\n<li class=\"\" data-start=\"739\" data-end=\"834\">\n<p class=\"\" data-start=\"741\" data-end=\"834\"><strong data-start=\"741\" data-end=\"769\">Tapete rosa 6mm (TY006):<\/strong> Amortiguaci\u00f3n ideal para tus posturas, suave y antideslizante.<\/p>\n<\/li>\n<li class=\"\" data-start=\"835\" data-end=\"938\">\n<p class=\"\" data-start=\"837\" data-end=\"938\"><strong data-start=\"837\" data-end=\"866\">Pelota de 65 cm (PP0065):<\/strong> Perfecta para estiramientos, estabilidad y ejercicios de respiraci\u00f3n.<\/p>\n<\/li>\n<li class=\"\" data-start=\"939\" data-end=\"1082\">\n<p class=\"\" data-start=\"941\" data-end=\"1082\"><strong data-start=\"941\" data-end=\"959\">Bloque morado:<\/strong> Apoyo extra para mejorar tu alineaci\u00f3n y avanzar en tus posturas.<br data-start=\"1025\" data-end=\"1028\" \/>\u00a1Conecta contigo misma y mejora tu pr\u00e1ctica d\u00eda a d\u00eda!<\/p>\n<\/li>\n<\/ul>\n","protected":false},"featured_media":1944,"comment_status":"open","ping_status":"closed","template":"","meta":[],"product_brand":[],"product_cat":[15],"product_tag":[],"class_list":{"0":"post-1927","1":"product","2":"type-product","3":"status-publish","4":"has-post-thumbnail","6":"product_cat-sin-categorizar","8":"first","9":"instock","10":"purchasable","11":"product-type-variable"},"_links":{"self":[{"href":"https:\/\/tiendasportech.com\/index.php\/wp-json\/wp\/v2\/product\/1927","targetHints":{"allow":["GET"]}}],"collection":[{"href":"https:\/\/tiendasportech.com\/index.php\/wp-json\/wp\/v2\/product"}],"about":[{"href":"https:\/\/tiendasportech.com\/index.php\/wp-json\/wp\/v2\/types\/product"}],"replies":[{"embeddable":true,"href":"https:\/\/tiendasportech.com\/index.php\/wp-json\/wp\/v2\/comments?post=1927"}],"wp:featuredmedia":[{"embeddable":true,"href":"https:\/\/tiendasportech.com\/index.php\/wp-json\/wp\/v2\/media\/1944"}],"wp:attachment":[{"href":"https:\/\/tiendasportech.com\/index.php\/wp-json\/wp\/v2\/media?parent=1927"}],"wp:term":[{"taxonomy":"product_brand","embeddable":true,"href":"https:\/\/tiendasportech.com\/index.php\/wp-json\/wp\/v2\/product_brand?post=1927"},{"taxonomy":"product_cat","embeddable":true,"href":"https:\/\/tiendasportech.com\/index.php\/wp-json\/wp\/v2\/product_cat?post=1927"},{"taxonomy":"product_tag","embeddable":true,"href":"https:\/\/tiendasportech.com\/index.php\/wp-json\/wp\/v2\/product_tag?post=1927"}],"curies":[{"name":"wp","href":"https:\/\/api.w.org\/{rel}","templated":true}]}}