{"id":552,"date":"2024-04-27T10:05:48","date_gmt":"2024-04-27T16:05:48","guid":{"rendered":"https:\/\/tiendawilsonmexico.com\/?post_type=product&#038;p=552"},"modified":"2025-07-01T15:08:41","modified_gmt":"2025-07-01T21:08:41","slug":"rodillera-ajustable-y-rotula","status":"publish","type":"product","link":"https:\/\/tiendasportech.com\/index.php\/producto\/rodillera-ajustable-y-rotula\/","title":{"rendered":"Soporte Ajustable para Rodilla y Rotula"},"content":{"rendered":"<p style=\"text-align: left\">\u00a1Experimenta la comodidad y seguridad que s\u00f3lo la<strong> Rodillera Ajustable y R\u00f3tula<\/strong> <strong>Wilson<\/strong>\u00a0puede ofrecerte!<\/p>\n<h4>Caracter\u00edsticas Principales<\/h4>\n<ul>\n<li><strong>Prevenci\u00f3n y Recuperaci\u00f3n de Lesiones:<\/strong> Este innovador soporte est\u00e1 dise\u00f1ado para prevenir y evitar lesiones durante tus entrenamientos. Es ideal para cualquier actividad f\u00edsica, asegurando que tu rodilla est\u00e9 protegida en todo momento.<\/li>\n<li><strong>Material de Alta Calidad:<\/strong> Confeccionada con neopreno recubierto de nylon, la rodillera proporciona el calor necesario para aliviar el dolor y la tensi\u00f3n en la articulaci\u00f3n. Este material de alta calidad asegura durabilidad y resistencia, permitiendo un uso prolongado y efectivo.<\/li>\n<\/ul>\n<h4>Beneficios del Sistema de Cierre<\/h4>\n<ul>\n<li><strong>Cierre de Velcro:<\/strong> Gracias a su sistema de cierre con dos tiras de velcro, esta rodillera se adapta perfectamente a la rodilla, brindando un ajuste personalizado y seguro. Este sistema facilita su uso, permitiendo un ajuste r\u00e1pido y efectivo.<\/li>\n<li><strong>Estructura en Forma de O:<\/strong> La estructura en forma de O ofrece apoyo adicional a la r\u00f3tula, garantizando un soporte \u00f3ptimo durante juegos, entrenamientos, competencias o uso diario. Esta caracter\u00edstica estabiliza la rodilla, haciendo que cada paso sea c\u00f3modo y seguro.<\/li>\n<\/ul>\n<h4>Funcionalidad y Comodidad<\/h4>\n<ul>\n<li><strong>Aceleraci\u00f3n de la Recuperaci\u00f3n:<\/strong> La <strong>Rodillera Ajustable y R\u00f3tula Wilson<\/strong> puede ser utilizada en caso de contar con una lesi\u00f3n. Tiene la capacidad de acelerar la recuperaci\u00f3n de la rodilla, evitando da\u00f1ar los ligamentos y tendones al comprimir el \u00e1rea alrededor, ayudando a disminuir el dolor y la inflamaci\u00f3n.<\/li>\n<li><strong>Comodidad y Estilo:<\/strong> Con el caracter\u00edstico logotipo de Wilson en la parte frontal y en un elegante color negro, este soporte no solo te ofrece un toque de estilo, sino tambi\u00e9n una comodidad excepcional. Es ideal para cualquier actividad, combinando funcionalidad y moda.<\/li>\n<li>Gracias a su confecci\u00f3n con neopreno recubierto de nylon, proporciona calor para aliviar el dolor y tensi\u00f3n en la articulaci\u00f3n.<\/li>\n<li>Se adapta perfectamente a la rodilla y brinda un ajuste personalizado.<\/li>\n<li>Cuenta con una estructura en forma de O la cual ofrece apoyo adicional a la r\u00f3tula.<\/li>\n<li>Garantiza un soporte \u00f3ptimo durante juegos, entrenamientos, competencias o uso diario, estabilizando la rodilla haciendo que cada paso sea c\u00f3modo y seguro.<\/li>\n<\/ul>\n<p style=\"text-align: left\">\u00a1Equ\u00edpate con la <strong>Rodillera Ajustable y R\u00f3tula Wilson<\/strong>\u00a0 dales a tus rodillas el cuidado y protecci\u00f3n que merecen! \u00a1Adquiere la tuya hoy mismo!<\/p>\n","protected":false},"excerpt":{"rendered":"<p>\u00a1Experimenta la comodidad y seguridad exclusivas de la<strong> Rodillera Ajustable y R\u00f3tula Wilson<\/strong>!<\/p>\n<p>\u2022 Previene lesiones durante entrenamientos, su neopreno recubierto de nylon proporciona calor para aliviar el dolor y la tensi\u00f3n de la articulaci\u00f3n.<br \/>\n\u2022 El sistema de cierre con dos tiras de velcro asegura un ajuste personalizado y la estructura en forma de O brinda apoyo adicional a la r\u00f3tula.<br \/>\n\u2022 Garantiza un soporte \u00f3ptimo en juegos, entrenamientos o uso diario, estabilizando la rodilla para mayor comodidad y seguridad.<br \/>\n\u2022 Acelera la recuperaci\u00f3n de lesiones al comprimir el \u00e1rea alrededor de la rodilla, disminuyendo dolor e inflamaci\u00f3n.<br \/>\n\u2022 Con el distintivo logotipo de Wilson en elegante color negro, esta rodillera no solo ofrece estilo, sino tambi\u00e9n comodidad excepcional.<\/p>\n<p>\u00a1Equ\u00edpate con la <strong>Rodillera Ajustable y R\u00f3tula Wilson<\/strong> y brinda a tus rodillas el cuidado y protecci\u00f3n que merecen! \u00a1Adqui\u00e9rela hoy mismo!<\/p>\n","protected":false},"featured_media":1036,"comment_status":"open","ping_status":"closed","template":"","meta":[],"product_brand":[],"product_cat":[37,19,20],"product_tag":[],"class_list":{"0":"post-552","1":"product","2":"type-product","3":"status-publish","4":"has-post-thumbnail","6":"product_cat-hombre","7":"product_cat-rodilleras","8":"product_cat-unisex","10":"first","11":"instock","12":"purchasable","13":"product-type-variable"},"_links":{"self":[{"href":"https:\/\/tiendasportech.com\/index.php\/wp-json\/wp\/v2\/product\/552","targetHints":{"allow":["GET"]}}],"collection":[{"href":"https:\/\/tiendasportech.com\/index.php\/wp-json\/wp\/v2\/product"}],"about":[{"href":"https:\/\/tiendasportech.com\/index.php\/wp-json\/wp\/v2\/types\/product"}],"replies":[{"embeddable":true,"href":"https:\/\/tiendasportech.com\/index.php\/wp-json\/wp\/v2\/comments?post=552"}],"wp:featuredmedia":[{"embeddable":true,"href":"https:\/\/tiendasportech.com\/index.php\/wp-json\/wp\/v2\/media\/1036"}],"wp:attachment":[{"href":"https:\/\/tiendasportech.com\/index.php\/wp-json\/wp\/v2\/media?parent=552"}],"wp:term":[{"taxonomy":"product_brand","embeddable":true,"href":"https:\/\/tiendasportech.com\/index.php\/wp-json\/wp\/v2\/product_brand?post=552"},{"taxonomy":"product_cat","embeddable":true,"href":"https:\/\/tiendasportech.com\/index.php\/wp-json\/wp\/v2\/product_cat?post=552"},{"taxonomy":"product_tag","embeddable":true,"href":"https:\/\/tiendasportech.com\/index.php\/wp-json\/wp\/v2\/product_tag?post=552"}],"curies":[{"name":"wp","href":"https:\/\/api.w.org\/{rel}","templated":true}]}}