{"id":564,"date":"2024-04-27T16:18:43","date_gmt":"2024-04-27T16:18:43","guid":{"rendered":"https:\/\/tiendawilsonmexico.com\/?post_type=product&#038;p=564"},"modified":"2025-10-13T11:02:30","modified_gmt":"2025-10-13T17:02:30","slug":"soporte-universal-para-hombro","status":"publish","type":"product","link":"https:\/\/tiendasportech.com\/index.php\/producto\/soporte-universal-para-hombro\/","title":{"rendered":"Soporte para Hombro Universal"},"content":{"rendered":"<p>\u00a1Vive libre de lesiones con el<strong> Soporte para Hombro Universal Wilson<\/strong>!<\/p>\n<h4>Caracter\u00edsticas Principales<\/h4>\n<ul>\n<li><strong>Ajuste Universal:<\/strong> Este soporte se adapta a un costado del torso superior de cualquier tipo de cuerpo, garantizando un ajuste c\u00f3modo y efectivo para todos. Es ideal tanto para la recuperaci\u00f3n de lesiones como para su uso durante la actividad f\u00edsica.<\/li>\n<li><strong>Material de Neopreno:<\/strong> Compuesto de neopreno, este material conserva la temperatura corporal, transform\u00e1ndola en calor terap\u00e9utico. Esto acelera el proceso de rehabilitaci\u00f3n del hombro, ayudando a reducir el dolor y la inflamaci\u00f3n.<\/li>\n<li>Este accesorio brinda soporte y compresi\u00f3n al hombro, cuenta con <strong>ajuste universal<\/strong>, adapt\u00e1ndose perfectamente a un costado del torso superior de cualquier tipo de cuerpo.<\/li>\n<li>Ya sea para la <strong>recuperaci\u00f3n de lesiones o para su uso durante la actividad f\u00edsica<\/strong>, este soporte es tu aliado ideal.<\/li>\n<li><strong>Compuesto de neopreno<\/strong>, material que conserva la temperatura corporal, transform\u00e1ndola en calor terap\u00e9utico, acelerando el proceso de rehabilitaci\u00f3n del hombro.<\/li>\n<li><strong>Dise\u00f1ado para ser utilizado en el hombro izquierdo o derecho<\/strong>, ofrece estabilidad sin sacrificar la libertad de movimiento.<\/li>\n<li>Su dise\u00f1o en color negro con el logotipo de la marca estampado en la parte lateral, lo hace ideal para cualquier entrenamiento, adem\u00e1s <strong>cuenta con cierre de velcro<\/strong> para un ajuste \u00f3ptimo.<\/li>\n<\/ul>\n<h4>Beneficios del Sistema AFS<\/h4>\n<ul>\n<li><strong>Innovador Sistema AFS:<\/strong> Equipado con el innovador Sistema AFS (Air Flow System), este soporte favorece la transpiraci\u00f3n, manteniendo la zona fresca y libre de sudoraci\u00f3n durante su uso. Esto asegura una mayor comodidad y evita irritaciones en la piel.<\/li>\n<\/ul>\n<h4>Calidad y Durabilidad<\/h4>\n<ul>\n<li><strong>Fabricado por Wilson:<\/strong> Confeccionado por Wilson, l\u00edder en productos deportivos, puedes confiar plenamente en su calidad y durabilidad. Este soporte garantiza la protecci\u00f3n y comodidad adecuada para tus actividades deportivas, proporcion\u00e1ndote un producto en el que puedes confiar.<\/li>\n<\/ul>\n<h4>Versatilidad y Estilo<\/h4>\n<ul>\n<li><strong>Uso en Ambos Hombros:<\/strong> Dise\u00f1ado para ser utilizado en el hombro izquierdo o derecho, ofrece estabilidad sin sacrificar la libertad de movimiento. Esto te permite realizar tus entrenamientos y actividades diarias sin restricciones.<\/li>\n<li><strong>Elegante Dise\u00f1o:<\/strong> Su dise\u00f1o en color negro con el logotipo de la marca estampado en la parte lateral lo hace ideal para cualquier entrenamiento. Adem\u00e1s, cuenta con un cierre de velcro para un ajuste \u00f3ptimo y personalizado.<\/li>\n<\/ul>\n<p>\u00a1Compra ahora el <strong>Soporte para Hombro Universal Wilson<\/strong> y olv\u00eddate del dolor!<\/p>\n","protected":false},"excerpt":{"rendered":"<p>\u00a1Vive libre de lesiones con el <strong>Soporte para Hombro Universal Wilson<\/strong>!<\/p>\n<ul>\n<li>Este accesorio brinda soporte y compresi\u00f3n al hombro, con ajuste universal para adaptarse a cualquier tipo de cuerpo.<\/li>\n<li>Compuesto de neopreno, conserva la temperatura corporal para un calor terap\u00e9utico que acelera la rehabilitaci\u00f3n.<\/li>\n<li>Equipado con el innovador Sistema AFS (Air Flow System) para mantener la zona fresca y libre de sudoraci\u00f3n.<\/li>\n<li>Confeccionado por Wilson, l\u00edder en productos deportivos, garantiza calidad y durabilidad para tus actividades deportivas.<\/li>\n<li>Dise\u00f1ado para ser utilizado en el hombro izquierdo o derecho, ofrece estabilidad sin sacrificar libertad de movimiento.<\/li>\n<li>Con un elegante dise\u00f1o, cuenta adem\u00e1s, con cierre de velcro para un ajuste \u00f3ptimo.<\/li>\n<\/ul>\n<p>\u00a1Compra ahora el <strong>Soporte para Hombro Universal Wilson<\/strong> y olv\u00eddate del dolor!<\/p>\n","protected":false},"featured_media":335,"comment_status":"open","ping_status":"closed","template":"","meta":[],"product_brand":[],"product_cat":[21,20],"product_tag":[],"class_list":{"0":"post-564","1":"product","2":"type-product","3":"status-publish","4":"has-post-thumbnail","6":"product_cat-soportes","7":"product_cat-unisex","9":"first","10":"instock","11":"purchasable","12":"product-type-variable"},"_links":{"self":[{"href":"https:\/\/tiendasportech.com\/index.php\/wp-json\/wp\/v2\/product\/564","targetHints":{"allow":["GET"]}}],"collection":[{"href":"https:\/\/tiendasportech.com\/index.php\/wp-json\/wp\/v2\/product"}],"about":[{"href":"https:\/\/tiendasportech.com\/index.php\/wp-json\/wp\/v2\/types\/product"}],"replies":[{"embeddable":true,"href":"https:\/\/tiendasportech.com\/index.php\/wp-json\/wp\/v2\/comments?post=564"}],"wp:featuredmedia":[{"embeddable":true,"href":"https:\/\/tiendasportech.com\/index.php\/wp-json\/wp\/v2\/media\/335"}],"wp:attachment":[{"href":"https:\/\/tiendasportech.com\/index.php\/wp-json\/wp\/v2\/media?parent=564"}],"wp:term":[{"taxonomy":"product_brand","embeddable":true,"href":"https:\/\/tiendasportech.com\/index.php\/wp-json\/wp\/v2\/product_brand?post=564"},{"taxonomy":"product_cat","embeddable":true,"href":"https:\/\/tiendasportech.com\/index.php\/wp-json\/wp\/v2\/product_cat?post=564"},{"taxonomy":"product_tag","embeddable":true,"href":"https:\/\/tiendasportech.com\/index.php\/wp-json\/wp\/v2\/product_tag?post=564"}],"curies":[{"name":"wp","href":"https:\/\/api.w.org\/{rel}","templated":true}]}}