{"id":569,"date":"2024-04-27T16:27:19","date_gmt":"2024-04-27T16:27:19","guid":{"rendered":"https:\/\/tiendawilsonmexico.com\/?post_type=product&#038;p=569"},"modified":"2025-04-04T15:39:42","modified_gmt":"2025-04-04T21:39:42","slug":"tobillera-con-soporte-tubular","status":"publish","type":"product","link":"https:\/\/tiendasportech.com\/index.php\/producto\/tobillera-con-soporte-tubular\/","title":{"rendered":"Soporte Tubular para Tobillo"},"content":{"rendered":"<h1>\u00a1Olv\u00eddate de los dolores con la <strong>Tobillera Soporte Tubular Wilson<\/strong>!<\/h1>\n<h4>Caracter\u00edsticas Principales de la Tobillera con Soporte Tubular<\/h4>\n<ul>\n<li><strong>Materiales de Alta Calidad:<\/strong> Descubre la aliada perfecta para mantener los tobillos protegidos y en movimiento. Confeccionada con neopreno y recubierta de nylon en ambos lados, esta tobillera ofrece una movilidad \u00f3ptima mientras previene y trata lesiones.<\/li>\n<li><strong>Sistema AFS (Air Flow System):<\/strong> La tobillera cuenta con el innovador Sistema AFS a base de peque\u00f1as perforaciones en el neopreno y doble tela Terry. Este sistema permite mantener el calor en los m\u00fasculos y articulaciones, promoviendo una mejor circulaci\u00f3n y una recuperaci\u00f3n m\u00e1s r\u00e1pida.<\/li>\n<li>Descubre la aliada perfecta para mantener los <strong>tobillos protegidos y en movimiento<\/strong> con esta tobillera, confeccionada con neopreno y recubierta de nylon en ambos lados, ofrece una movilidad \u00f3ptima mientras previene y trata lesiones.<\/li>\n<li>Confeccionada con <strong>costuras planas, brinda mayor comodidad y durabilidad<\/strong> \u00f3ptima en cada paso.<\/li>\n<li>En una <strong>elegante presentaci\u00f3n<\/strong> en color negro es combinable con cualquier equipo deportivo.<\/li>\n<\/ul>\n<h4>Beneficios de Dise\u00f1o<\/h4>\n<ul>\n<li><strong>Costuras Planas:<\/strong> Confeccionada con costuras planas, la <strong>Tobillera Soporte Tubular Wilson<\/strong> brinda mayor comodidad y durabilidad \u00f3ptima en cada paso. Este dise\u00f1o asegura que la tobillera no cause irritaciones ni molestias, permiti\u00e9ndote concentrarte en tu actividad f\u00edsica.<\/li>\n<li><strong>Presentaci\u00f3n Elegante:<\/strong> En una elegante presentaci\u00f3n en color negro, esta tobillera es combinable con cualquier equipo deportivo. No solo te proporciona el soporte necesario, sino que tambi\u00e9n te permite lucir bien mientras te ejercitas.<\/li>\n<\/ul>\n<h4>Funcionalidad y Comodidad<\/h4>\n<ul>\n<li><strong>Prevenci\u00f3n y Tratamiento de Lesiones:<\/strong> Ideal para prevenir y tratar lesiones, esta tobillera es perfecta para cualquier persona activa. Ya sea que est\u00e9s corriendo, jugando deportes o simplemente necesites apoyo adicional, la <strong>Tobillera Soporte Tubular Wilson<\/strong> es tu compa\u00f1era ideal.<\/li>\n<li><strong>Movilidad \u00d3ptima:<\/strong> Su dise\u00f1o asegura que puedas moverte con libertad mientras recibes el soporte necesario. La combinaci\u00f3n de neopreno y nylon proporciona la flexibilidad y resistencia necesarias para cualquier actividad.<\/li>\n<\/ul>\n<p>\u00a1No dejes que nada te detenga y adquiere la<strong> Tobillera Soporte Tubular Wilson<\/strong> para alcanzar tus metas!<\/p>\n","protected":false},"excerpt":{"rendered":"<p>\u00a1Olv\u00eddate de los dolores con la Tobillera Soporte Tubular Wilson!<\/p>\n<ul>\n<li>Mantiene tus tobillos protegidos y en movimiento con esta tobillera.<\/li>\n<li>Confeccionada con neopreno y recubierta de nylon en ambos lados.<\/li>\n<li>Brinda movilidad \u00f3ptima mientras previene y trata lesiones.<\/li>\n<li>Cuenta con el Sistema AFS (Air Flow System) a base de peque\u00f1as perforaciones en el neopreno y doble tela Terry para mantener el calor en los m\u00fasculos y articulaciones.<\/li>\n<li>Sus costuras planas brindan mayor comodidad y durabilidad \u00f3ptima en cada paso.<\/li>\n<li>Su elegante color negro es combinable con cualquier equipo deportivo.<\/li>\n<\/ul>\n<p>\u00a1No dejes que nada te detenga! \u00a1Adquiere la <strong>Tobillera Soporte Tubular Wilson<\/strong> y alcanza tus metas sin dolor!<\/p>\n","protected":false},"featured_media":1057,"comment_status":"open","ping_status":"closed","template":"","meta":[],"product_brand":[],"product_cat":[48,23,20],"product_tag":[],"class_list":{"0":"post-569","1":"product","2":"type-product","3":"status-publish","4":"has-post-thumbnail","6":"product_cat-elasticos","7":"product_cat-tobillera","8":"product_cat-unisex","10":"first","11":"instock","12":"purchasable","13":"product-type-variable"},"_links":{"self":[{"href":"https:\/\/tiendasportech.com\/index.php\/wp-json\/wp\/v2\/product\/569","targetHints":{"allow":["GET"]}}],"collection":[{"href":"https:\/\/tiendasportech.com\/index.php\/wp-json\/wp\/v2\/product"}],"about":[{"href":"https:\/\/tiendasportech.com\/index.php\/wp-json\/wp\/v2\/types\/product"}],"replies":[{"embeddable":true,"href":"https:\/\/tiendasportech.com\/index.php\/wp-json\/wp\/v2\/comments?post=569"}],"wp:featuredmedia":[{"embeddable":true,"href":"https:\/\/tiendasportech.com\/index.php\/wp-json\/wp\/v2\/media\/1057"}],"wp:attachment":[{"href":"https:\/\/tiendasportech.com\/index.php\/wp-json\/wp\/v2\/media?parent=569"}],"wp:term":[{"taxonomy":"product_brand","embeddable":true,"href":"https:\/\/tiendasportech.com\/index.php\/wp-json\/wp\/v2\/product_brand?post=569"},{"taxonomy":"product_cat","embeddable":true,"href":"https:\/\/tiendasportech.com\/index.php\/wp-json\/wp\/v2\/product_cat?post=569"},{"taxonomy":"product_tag","embeddable":true,"href":"https:\/\/tiendasportech.com\/index.php\/wp-json\/wp\/v2\/product_tag?post=569"}],"curies":[{"name":"wp","href":"https:\/\/api.w.org\/{rel}","templated":true}]}}