{"id":604,"date":"2024-04-27T17:11:20","date_gmt":"2024-04-27T17:11:20","guid":{"rendered":"https:\/\/tiendawilsonmexico.com\/?post_type=product&#038;p=604"},"modified":"2026-02-13T10:40:49","modified_gmt":"2026-02-13T16:40:49","slug":"soporte-de-rodilla-con-estructuras-de-acero","status":"publish","type":"product","link":"https:\/\/tiendasportech.com\/index.php\/producto\/soporte-de-rodilla-con-estructuras-de-acero\/","title":{"rendered":"Soporte de Rodilla con Estructuras de Acero"},"content":{"rendered":"<h1>\u00a1Tus rodillas libres de dolor. <strong>Soporte con Estructuras de Acero Wilson<\/strong>!<\/h1>\n<h4>Caracter\u00edsticas Principales del Soporte de Rodilla con Estructuras de Acero<\/h4>\n<ul>\n<li><strong>Almohadilla de Goma:<\/strong> Gracias a su almohadilla de goma, el soporte brinda firmeza y soporte adicional en la rodilla. Este dise\u00f1o innovador proporciona la estabilidad necesaria para proteger tu rodilla y r\u00f3tula durante cualquier actividad deportiva.<\/li>\n<li><strong>Dise\u00f1o Ergon\u00f3mico:<\/strong> El dise\u00f1o ergon\u00f3mico del <strong>Soporte de Rodilla con Estructuras de Acero\u00a0Wilson<\/strong> evita lesiones al practicar cualquier deporte. Proporciona estabilidad a la rodilla y r\u00f3tula, permiti\u00e9ndote moverte con confianza y seguridad.<\/li>\n<\/ul>\n<h4>Beneficios para la Salud<\/h4>\n<ul>\n<li><strong>Recuperaci\u00f3n de Lesiones:<\/strong> Perfecta para ser utilizada si se cuenta con una lesi\u00f3n, ya que ayuda a acelerar el proceso de recuperaci\u00f3n y a disminuir el dolor. Este soporte es ideal para cualquier persona que busque una r\u00e1pida recuperaci\u00f3n y alivio del dolor.<\/li>\n<li><strong>Material de Alta Calidad:<\/strong> Confeccionada con neopreno de alta calidad, esta rodillera garantiza protecci\u00f3n. Ofrece una combinaci\u00f3n de terapia de calor y compresi\u00f3n necesarios para mantener los ligamentos de la rodilla en las mejores condiciones.<\/li>\n<\/ul>\n<h4>Uso Terap\u00e9utico<\/h4>\n<ul>\n<li><strong>Tratamiento de Enfermedades Articulares:<\/strong> Es el complemento ideal para el tratamiento de enfermedades que provocan el desgaste de las articulaciones como la artritis y artrosis. Este soporte ayuda a mantener la salud de tus rodillas, eliminando la tensi\u00f3n muscular ocasionada por entrenamientos intensos.<\/li>\n<\/ul>\n<h4>Comodidad y Pr\u00e1cticidad<\/h4>\n<ul>\n<li><strong>Sistema de Cierre con Velcro:<\/strong> Su sistema de cierre con velcro facilita su uso, permitiendo que sea colocada y retirada de una forma r\u00e1pida y pr\u00e1ctica. Este dise\u00f1o asegura un ajuste perfecto y c\u00f3modo en todo momento.<\/li>\n<\/ul>\n<h4>Estilo y Versatilidad<\/h4>\n<ul>\n<li><strong>Elegante Dise\u00f1o:<\/strong> En un elegante color negro con el logotipo de la prestigiada marca Wilson estampado en la parte frontal, esta rodillera es combinable con cualquier outfit, agregando estilo y confort en cada paso.<\/li>\n<\/ul>\n<p>\u00a1Lleva tus capacidades al m\u00e1ximo nivel con el <strong>Soporte con<\/strong> <strong>Estructuras de Acero Wilson<\/strong>!<\/p>\n<p>&nbsp;<\/p>\n","protected":false},"excerpt":{"rendered":"<p>\u00a1Mant\u00e9n tus rodillas libres de dolor con el <strong>Soporte con Estructuras de Acero Wilson<\/strong>!<\/p>\n<ul>\n<li>Cuenta con una almohadilla de goma, proporcionando firmeza y soporte adicional en la rodilla.<\/li>\n<li>Su dise\u00f1o ergon\u00f3mico evita lesiones al practicar cualquier deporte, previniendo lesiones o facilitando la recuperaci\u00f3n en caso de lesi\u00f3n.<\/li>\n<li>Confeccionada con neopreno de alta calidad.<\/li>\n<li>Combina terapia de calor y compresi\u00f3n para mantener los ligamentos en \u00f3ptimas condiciones.<\/li>\n<li>Ideal para el tratamiento de enfermedades como artritis y artrosis, as\u00ed como para aliviar la tensi\u00f3n muscular despu\u00e9s de entrenamientos intensos.<\/li>\n<li>Cuenta con un sistema de cierre con velcro para colocarla y retirarla de forma r\u00e1pida y pr\u00e1ctica.<\/li>\n<li>En elegante color negro con el logotipo de Wilson, agregando estilo y confort en cada paso.<\/li>\n<\/ul>\n<p>\u00a1Lleva tu nivel al m\u00e1ximo con el <strong>Soporte con Estructuras de Acero Wilson<\/strong>!<\/p>\n","protected":false},"featured_media":313,"comment_status":"open","ping_status":"closed","template":"","meta":[],"product_brand":[],"product_cat":[19,20],"product_tag":[],"class_list":{"0":"post-604","1":"product","2":"type-product","3":"status-publish","4":"has-post-thumbnail","6":"product_cat-rodilleras","7":"product_cat-unisex","9":"first","10":"outofstock","11":"purchasable","12":"product-type-variable"},"_links":{"self":[{"href":"https:\/\/tiendasportech.com\/index.php\/wp-json\/wp\/v2\/product\/604","targetHints":{"allow":["GET"]}}],"collection":[{"href":"https:\/\/tiendasportech.com\/index.php\/wp-json\/wp\/v2\/product"}],"about":[{"href":"https:\/\/tiendasportech.com\/index.php\/wp-json\/wp\/v2\/types\/product"}],"replies":[{"embeddable":true,"href":"https:\/\/tiendasportech.com\/index.php\/wp-json\/wp\/v2\/comments?post=604"}],"wp:featuredmedia":[{"embeddable":true,"href":"https:\/\/tiendasportech.com\/index.php\/wp-json\/wp\/v2\/media\/313"}],"wp:attachment":[{"href":"https:\/\/tiendasportech.com\/index.php\/wp-json\/wp\/v2\/media?parent=604"}],"wp:term":[{"taxonomy":"product_brand","embeddable":true,"href":"https:\/\/tiendasportech.com\/index.php\/wp-json\/wp\/v2\/product_brand?post=604"},{"taxonomy":"product_cat","embeddable":true,"href":"https:\/\/tiendasportech.com\/index.php\/wp-json\/wp\/v2\/product_cat?post=604"},{"taxonomy":"product_tag","embeddable":true,"href":"https:\/\/tiendasportech.com\/index.php\/wp-json\/wp\/v2\/product_tag?post=604"}],"curies":[{"name":"wp","href":"https:\/\/api.w.org\/{rel}","templated":true}]}}