{"id":624,"date":"2024-04-27T17:27:37","date_gmt":"2024-04-27T17:27:37","guid":{"rendered":"https:\/\/tiendawilsonmexico.com\/?post_type=product&#038;p=624"},"modified":"2025-07-28T13:24:28","modified_gmt":"2025-07-28T19:24:28","slug":"faja-cierre-mujeres-wilson","status":"publish","type":"product","link":"https:\/\/tiendasportech.com\/index.php\/producto\/faja-cierre-mujeres-wilson\/","title":{"rendered":"Faja con Cierre para Mujer Wilson"},"content":{"rendered":"<h1>\u00a1 <strong>Faja con Cierre para Mujer Wilson<\/strong>, para reducci\u00f3n de grasa abdominal!<\/h1>\n<ul>\n<li>Esta faja con cierre para mujer es el complemento ideal para llevar contigo durante tus sesiones de ejercicio, ya que evita desgarres y previene lesiones, gracias a la compresi\u00f3n y calor que aporta al cuerpo, adem\u00e1s, es un aliado perfecto para reducir el exceso de grasa abdominal, logrando esculpir tu figura.<\/li>\n<li>Confeccionada con neopreno de alta calidad, proporciona una firmeza excepcional, moldeando tu figura para lucir una silueta espectacular.<\/li>\n<li>La faja para dama Wilson AW114 no s\u00f3lo proporciona compresi\u00f3n y calor para mejorar la circulaci\u00f3n y aumentar la sudoraci\u00f3n, sino que tambi\u00e9n maximiza los resultados de tus ejercicios al mismo tiempo que te ofrece comodidad y soporte.<\/li>\n<li>Con su fijaci\u00f3n de cierre, asegura un ajuste perfecto para cuerpos diversos.<\/li>\n<li>Cuidarla es demasiado sencillo, simplemente debe lavarse a mano con agua fr\u00eda y secar a la sombra para mantener su calidad excepcional.<\/li>\n<\/ul>\n<h4>Caracter\u00edsticas Principales<\/h4>\n<ul>\n<li><strong>Prevenci\u00f3n de Lesiones:<\/strong> Esta faja para dama es el complemento ideal para tus sesiones de ejercicio, ya que evita desgarres y previene lesiones. Gracias a la compresi\u00f3n y calor que aporta al cuerpo, te protege mientras te ejercitas, permiti\u00e9ndote enfocarte en tus metas sin preocupaciones.<\/li>\n<li><strong>Reducci\u00f3n de Grasa Abdominal:<\/strong> Es el aliado perfecto para reducir el exceso de grasa abdominal, ayud\u00e1ndote a esculpir tu figura. La <strong>Faja con Cierre para Mujer Wilson<\/strong> est\u00e1 dise\u00f1ada para ofrecerte resultados visibles, moldeando tu cuerpo y realzando tu silueta.<\/li>\n<\/ul>\n<p>\u00a1Hazte notar con estilo y seguridad en cualquier ocasi\u00f3n con nuestra exclusiva <strong>Faja Wilson<\/strong> y marca la diferencia!<\/p>\n","protected":false},"excerpt":{"rendered":"<p>\u00a1Logra lucir tu figura ideal con la <strong>Faja con Cierre para Mujer Wilson<\/strong>!<\/p>\n<ul>\n<li>Evita desgarres y previene lesiones gracias a la compresi\u00f3n y calor que aporta al cuerpo.<\/li>\n<li>Esta faja es la aliada perfecta para reducir el exceso de grasa abdominal, esculpiendo tu figura.<\/li>\n<li>Confeccionada con neopreno de alta calidad, que proporciona una firmeza excepcional.<\/li>\n<li>Mejorar la circulaci\u00f3n y aumentar la sudoraci\u00f3n, maximizando los resultados de tus ejercicios, brindando comodidad y soporte.<\/li>\n<li>Con su fijaci\u00f3n de cierre, asegura un ajuste perfecto para cualquier tipo de cuerpo.<\/li>\n<li>Cuidarla es sencillo: s\u00f3lo debes lavarla a mano con agua fr\u00eda y secar a la sombra para mantener su calidad.<\/li>\n<\/ul>\n<p>\u00a1Hazte notar con estilo y seguridad con nuestra exclusiva <strong>Faja con Cierre para Mujer Wilson<\/strong>!<\/p>\n","protected":false},"featured_media":1072,"comment_status":"open","ping_status":"closed","template":"","meta":[],"product_brand":[],"product_cat":[46,47,38],"product_tag":[],"class_list":{"0":"post-624","1":"product","2":"type-product","3":"status-publish","4":"has-post-thumbnail","6":"product_cat-accesorios","7":"product_cat-control-de-peso","8":"product_cat-mujer","10":"first","11":"instock","12":"purchasable","13":"product-type-variable"},"_links":{"self":[{"href":"https:\/\/tiendasportech.com\/index.php\/wp-json\/wp\/v2\/product\/624","targetHints":{"allow":["GET"]}}],"collection":[{"href":"https:\/\/tiendasportech.com\/index.php\/wp-json\/wp\/v2\/product"}],"about":[{"href":"https:\/\/tiendasportech.com\/index.php\/wp-json\/wp\/v2\/types\/product"}],"replies":[{"embeddable":true,"href":"https:\/\/tiendasportech.com\/index.php\/wp-json\/wp\/v2\/comments?post=624"}],"wp:featuredmedia":[{"embeddable":true,"href":"https:\/\/tiendasportech.com\/index.php\/wp-json\/wp\/v2\/media\/1072"}],"wp:attachment":[{"href":"https:\/\/tiendasportech.com\/index.php\/wp-json\/wp\/v2\/media?parent=624"}],"wp:term":[{"taxonomy":"product_brand","embeddable":true,"href":"https:\/\/tiendasportech.com\/index.php\/wp-json\/wp\/v2\/product_brand?post=624"},{"taxonomy":"product_cat","embeddable":true,"href":"https:\/\/tiendasportech.com\/index.php\/wp-json\/wp\/v2\/product_cat?post=624"},{"taxonomy":"product_tag","embeddable":true,"href":"https:\/\/tiendasportech.com\/index.php\/wp-json\/wp\/v2\/product_tag?post=624"}],"curies":[{"name":"wp","href":"https:\/\/api.w.org\/{rel}","templated":true}]}}