{"id":633,"date":"2024-04-27T17:42:53","date_gmt":"2024-04-27T17:42:53","guid":{"rendered":"https:\/\/tiendawilsonmexico.com\/?post_type=product&#038;p=633"},"modified":"2026-02-13T10:41:48","modified_gmt":"2026-02-13T16:41:48","slug":"faja-unisex-con-cierre-wilson","status":"publish","type":"product","link":"https:\/\/tiendasportech.com\/index.php\/producto\/faja-unisex-con-cierre-wilson\/","title":{"rendered":"Faja Unisex con Cierre"},"content":{"rendered":"<p>\u00a1Obt\u00e9n comodidad, seguridad y estilo en una sola pieza con la <strong>Faja con Cierre Unisex Wilson<\/strong>!<\/p>\n<ul>\n<li>Fabricada con material strech y tejidos fuertes, esta faja se adapta perfectamente a cada cuerpo, ayudando a esculpir tu figura mientras entrenas.<\/li>\n<li>Con su dise\u00f1o ergon\u00f3mico proporciona compresi\u00f3n para reafirmar y moldear el abdomen, mientras que su terapia de calor maximiza los resultados de cada ejercicio, obteniendo cambios favorables en tu cuerpo.<\/li>\n<li>Esta faja es tu compa\u00f1era ideal en tus rutinas de entrenamiento sin importar si eres hombre o mujer, gracias a su dise\u00f1o unisex puedes usarla con plena confianza sin perder el estilo, adem\u00e1s, por su elegante presentaci\u00f3n en color negro con el logotipo de Wilson al frente, recordar\u00e1s la calidad de este producto.<\/li>\n<li>Cuenta con cierre para facilitar su uso, proporcionando un ajuste y soporte perfecto.<\/li>\n<\/ul>\n<p>\u00a1Consigue tu Faja con<strong> Cierre Unisex Wilson<\/strong> ahora y atr\u00e9vete a lograr cambios impresionantes en tu cuerpo y en los resultados de tus entrenamientos!<\/p>\n<h4>Beneficios Adicionales<\/h4>\n<ul>\n<li><strong>Dise\u00f1o Unisex:<\/strong> Esta faja es tu compa\u00f1era ideal en tus rutinas de entrenamiento, sin importar si eres hombre o mujer. Gracias a su dise\u00f1o unisex, puedes usarla con plena confianza sin perder el estilo. Adem\u00e1s, su elegante presentaci\u00f3n en color negro con el logotipo de Wilson al frente asegura que siempre luzcas bien mientras te ejercitas.<\/li>\n<li><strong>F\u00e1cil de Usar:<\/strong> La faja cuenta con un cierre para facilitar su uso, proporcionando un ajuste y soporte perfecto. Este cierre asegura que la faja permanezca en su lugar durante toda la sesi\u00f3n de entrenamiento, permiti\u00e9ndote concentrarte en alcanzar tus metas fitness.<\/li>\n<li><strong>Versatilidad y Estilo:<\/strong> Ya sea para entrenamientos en el gimnasio, actividades deportivas o simplemente para uso diario, la <strong>Faja Unisex con Cierre Wilson<\/strong> es vers\u00e1til y pr\u00e1ctica. Su dise\u00f1o elegante y discreto la hace adecuada para cualquier ocasi\u00f3n, mientras que su funcionalidad te ayuda a obtener los mejores resultados.<\/li>\n<\/ul>\n<p>\u00a1Consigue tu <strong>Faja con Cierre Unisex Wilson <\/strong>para transformar tu cuerpo y tus entrenamientos!<\/p>\n","protected":false},"excerpt":{"rendered":"<p>\u00a1Obt\u00e9n comodidad, seguridad y estilo con la <strong>Faja con Cierre Unisex Wilson<\/strong>!<\/p>\n<ul>\n<li>Hecha con material strech y tejidos resistentes, se ajusta a cada cuerpo, ayudando a esculpir tu figura mientras entrenas.<\/li>\n<li>Su dise\u00f1o ergon\u00f3mico reafirma y moldea el abdomen, con terapia de calor para mejorar los resultados de tus ejercicios.<\/li>\n<li>Es ideal para hombres y mujeres, con un dise\u00f1o unisex en color negro con el logo de Wilson, garantizando su calidad.<\/li>\n<li>Con cierre para un ajuste perfecto y f\u00e1cil uso.<\/li>\n<\/ul>\n<p>&nbsp;<\/p>\n","protected":false},"featured_media":293,"comment_status":"open","ping_status":"closed","template":"","meta":[],"product_brand":[],"product_cat":[46,47,20],"product_tag":[],"class_list":{"0":"post-633","1":"product","2":"type-product","3":"status-publish","4":"has-post-thumbnail","6":"product_cat-accesorios","7":"product_cat-control-de-peso","8":"product_cat-unisex","10":"first","11":"outofstock","12":"purchasable","13":"product-type-variable"},"_links":{"self":[{"href":"https:\/\/tiendasportech.com\/index.php\/wp-json\/wp\/v2\/product\/633","targetHints":{"allow":["GET"]}}],"collection":[{"href":"https:\/\/tiendasportech.com\/index.php\/wp-json\/wp\/v2\/product"}],"about":[{"href":"https:\/\/tiendasportech.com\/index.php\/wp-json\/wp\/v2\/types\/product"}],"replies":[{"embeddable":true,"href":"https:\/\/tiendasportech.com\/index.php\/wp-json\/wp\/v2\/comments?post=633"}],"wp:featuredmedia":[{"embeddable":true,"href":"https:\/\/tiendasportech.com\/index.php\/wp-json\/wp\/v2\/media\/293"}],"wp:attachment":[{"href":"https:\/\/tiendasportech.com\/index.php\/wp-json\/wp\/v2\/media?parent=633"}],"wp:term":[{"taxonomy":"product_brand","embeddable":true,"href":"https:\/\/tiendasportech.com\/index.php\/wp-json\/wp\/v2\/product_brand?post=633"},{"taxonomy":"product_cat","embeddable":true,"href":"https:\/\/tiendasportech.com\/index.php\/wp-json\/wp\/v2\/product_cat?post=633"},{"taxonomy":"product_tag","embeddable":true,"href":"https:\/\/tiendasportech.com\/index.php\/wp-json\/wp\/v2\/product_tag?post=633"}],"curies":[{"name":"wp","href":"https:\/\/api.w.org\/{rel}","templated":true}]}}