{"id":662,"date":"2024-04-27T18:09:10","date_gmt":"2024-04-27T18:09:10","guid":{"rendered":"https:\/\/tiendawilsonmexico.com\/?post_type=product&#038;p=662"},"modified":"2025-02-27T17:49:49","modified_gmt":"2025-02-27T23:49:49","slug":"tapete-de-yoga-3mm","status":"publish","type":"product","link":"https:\/\/tiendasportech.com\/index.php\/producto\/tapete-de-yoga-3mm\/","title":{"rendered":"Tapete de Yoga 3 mm"},"content":{"rendered":"<h1>\u00a1<strong>Tapete de Yoga Wilson 3 mm<\/strong> tu mayor aliado de comodidad y seguridad!<\/h1>\n<ul>\n<li>El Tapete de Yoga 3 mm est\u00e1 dise\u00f1ado para ofrecerte comodidad y estabilidad, con un grosor de 3 mil\u00edmetros.<\/li>\n<li>Ideal para amortiguar las rodillas, cadera y otras partes del cuerpo que suelen tocar el suelo durante la pr\u00e1ctica de yoga.<\/li>\n<li>Su superficie antiderrapante te brinda la confianza necesaria para concentrarte en cada postura y movimiento.<\/li>\n<li>La tecnolog\u00eda Wilson de este tapete, es imprescindible, ya que brinda el soporte necesario para los que se est\u00e1n familiarizando con las rutinas y posturas, mientras satisface las necesidades de los practicantes m\u00e1s avanzados. No importa en que etapa te encuentres, este tapete te proporciona la base perfecta para tu pr\u00e1ctica diaria.<\/li>\n<li>Brinda el soporte ideal para una postura correcta durante la pr\u00e1ctica de yoga y pilates.<\/li>\n<li>No s\u00f3lo te apoya a fortalecer el cuerpo, adem\u00e1s, lo protege de golpes y lesiones, ayud\u00e1ndote a ejercitarte con confianza y comodidad.<\/li>\n<\/ul>\n<p>\u00a1No esperes m\u00e1s, haz clic ahora para ordenar el <strong>Tapete de Yoga Wilson 3 mm<\/strong> y disfruta de los beneficios que aportar\u00e1 a tu rutina de ejercicios!<\/p>\n<h4>Superficie Antiderrapante<\/h4>\n<p>La superficie antiderrapante del Tapete de Yoga Wilson 4 mm te brinda la confianza necesaria para concentrarte en cada postura y movimiento. No tendr\u00e1s que preocuparte por resbalones o movimientos inesperados, permiti\u00e9ndote mantener el equilibrio y la estabilidad en todo momento. Esta caracter\u00edstica es esencial tanto para principiantes que est\u00e1n aprendiendo nuevas posturas como para practicantes avanzados que realizan movimientos m\u00e1s complejos.<\/p>\n<h4>Tecnolog\u00eda Wilson<\/h4>\n<p>La tecnolog\u00eda Wilson incorporada en este tapete es imprescindible. Brinda el soporte necesario para aquellos que se est\u00e1n familiarizando con las rutinas y posturas, satisfaciendo al mismo tiempo las necesidades de los practicantes m\u00e1s avanzados. No importa en qu\u00e9 etapa de tu pr\u00e1ctica te encuentres, este tapete te proporciona la base perfecta para tu rutina diaria. Su estructura ofrece un soporte ideal para mantener una postura correcta durante la pr\u00e1ctica de yoga y pilates, ayudando a prevenir lesiones y mejorar la alineaci\u00f3n corporal.<\/p>\n","protected":false},"excerpt":{"rendered":"<p>\u00a1Agrega estabilidad a tus posturas con el <strong>Tapete de Yoga Wilson 3 mm<\/strong>!<\/p>\n<ul>\n<li>\u00a0Te brinda 3 mm de estabilidad y comodidad durante tu pr\u00e1ctica de yoga.<\/li>\n<li>Con su superficie antiderrapante, podr\u00e1s concentrarte en cada postura y movimiento sin resbalones.<\/li>\n<li>Proporciona el soporte necesario para quienes est\u00e1n comenzando y satisfaciendo las necesidades de los practicantes avanzados.<\/li>\n<li>Ideal para practicar yoga y pilates.<\/li>\n<li>Fortalece el cuerpo, protegi\u00e9ndolo de golpes y lesiones.<\/li>\n<\/ul>\n<p>Haz clic ahora mismo para ordenar tu <strong>Tapete de Yoga Wilson 3 mm<\/strong> y disfruta de sus beneficios en tu vida diaria.<\/p>\n<p>\u00a1No esperes m\u00e1s para mejorar tu bienestar!<\/p>\n","protected":false},"featured_media":425,"comment_status":"open","ping_status":"closed","template":"","meta":[],"product_brand":[],"product_cat":[45,40,20,39],"product_tag":[],"class_list":{"0":"post-662","1":"product","2":"type-product","3":"status-publish","4":"has-post-thumbnail","6":"product_cat-fitness","7":"product_cat-pilates","8":"product_cat-unisex","9":"product_cat-yoga","11":"first","12":"instock","13":"purchasable","14":"product-type-variable"},"_links":{"self":[{"href":"https:\/\/tiendasportech.com\/index.php\/wp-json\/wp\/v2\/product\/662","targetHints":{"allow":["GET"]}}],"collection":[{"href":"https:\/\/tiendasportech.com\/index.php\/wp-json\/wp\/v2\/product"}],"about":[{"href":"https:\/\/tiendasportech.com\/index.php\/wp-json\/wp\/v2\/types\/product"}],"replies":[{"embeddable":true,"href":"https:\/\/tiendasportech.com\/index.php\/wp-json\/wp\/v2\/comments?post=662"}],"wp:featuredmedia":[{"embeddable":true,"href":"https:\/\/tiendasportech.com\/index.php\/wp-json\/wp\/v2\/media\/425"}],"wp:attachment":[{"href":"https:\/\/tiendasportech.com\/index.php\/wp-json\/wp\/v2\/media?parent=662"}],"wp:term":[{"taxonomy":"product_brand","embeddable":true,"href":"https:\/\/tiendasportech.com\/index.php\/wp-json\/wp\/v2\/product_brand?post=662"},{"taxonomy":"product_cat","embeddable":true,"href":"https:\/\/tiendasportech.com\/index.php\/wp-json\/wp\/v2\/product_cat?post=662"},{"taxonomy":"product_tag","embeddable":true,"href":"https:\/\/tiendasportech.com\/index.php\/wp-json\/wp\/v2\/product_tag?post=662"}],"curies":[{"name":"wp","href":"https:\/\/api.w.org\/{rel}","templated":true}]}}