{"id":678,"date":"2024-04-27T18:15:23","date_gmt":"2024-04-27T18:15:23","guid":{"rendered":"https:\/\/tiendawilsonmexico.com\/?post_type=product&#038;p=678"},"modified":"2025-07-28T12:22:00","modified_gmt":"2025-07-28T18:22:00","slug":"tapete-de-yoga-10mm","status":"publish","type":"product","link":"https:\/\/tiendasportech.com\/index.php\/producto\/tapete-de-yoga-10mm\/","title":{"rendered":"Tapete para Yoga 10 mm"},"content":{"rendered":"<h1>Tapete para Yoga 10 mm \u00a1Tu mayor aliado de comodidad y seguridad!<\/h1>\n<ul>\n<li>Es un tapete para yoga 10 mm dise\u00f1ado para ofrecerte comodidad y estabilidad, con un grosor de 10 mil\u00edmetros.<\/li>\n<li>Ideal para amortiguar las rodillas, cadera y otras partes del cuerpo que suelen tocar el suelo durante la pr\u00e1ctica de yoga.<\/li>\n<li>Su superficie antiderrapante te brinda la confianza necesaria para concentrarte en cada postura y movimiento.<\/li>\n<li>La tecnolog\u00eda Wilson de este tapete, es imprescindible, ya que brinda el soporte necesario para los que se est\u00e1n familiarizando con las rutinas y posturas, mientras satisface las necesidades de los practicantes m\u00e1s avanzados. No importa en que etapa te encuentres, este tapete te proporciona la base perfecta para tu pr\u00e1ctica diaria.<\/li>\n<li>Brinda el soporte ideal para una postura correcta durante la pr\u00e1ctica de yoga y pilates.<\/li>\n<li>No s\u00f3lo te apoya a fortalecer el cuerpo, adem\u00e1s, lo protege de golpes y lesiones, ayud\u00e1ndote a ejercitarte con confianza y comodidad.<\/li>\n<\/ul>\n<p>\u00a1Disfruta de los beneficios que aportar\u00e1 a tu rutina de ejercicios!<\/p>\n<h2>Mejora tu Pr\u00e1ctica con el Tapete para Yoga de 10 mm<\/h2>\n<p>\u00a1Descubre la comodidad y soporte superior! Con su grosor ideal, este tapete proporciona una amortiguaci\u00f3n excepcional para tus articulaciones, permiti\u00e9ndote disfrutar de cada postura con seguridad y confort.<\/p>\n<p>Su superficie antideslizante asegura estabilidad en cada movimiento, mientras que su material duradero lo hace perfecto para cualquier nivel de pr\u00e1ctica. Ya seas principiante o avanzado, este tapete es el complemento ideal para tu rutina de yoga.<\/p>\n<p>\u00a1Eleva tu experiencia de yoga a un nuevo nivel!<\/p>\n","protected":false},"excerpt":{"rendered":"<p>\u00a1Agrega estabilidad a tus posturas con el <strong>Tapete de Yoga 10 mm<\/strong>!<\/p>\n<ul>\n<li>\u00a0Te brinda 10 mm de estabilidad y comodidad durante tu pr\u00e1ctica de yoga.<\/li>\n<li>Con su superficie antiderrapante, podr\u00e1s concentrarte en cada postura y movimiento sin resbalones.<\/li>\n<li>Proporciona el soporte necesario para quienes est\u00e1n comenzando y satisfaciendo las necesidades de los practicantes avanzados.<\/li>\n<li>Ideal para practicar yoga y pilates.<\/li>\n<li>Fortalece el cuerpo, protegi\u00e9ndolo de golpes y lesiones.<\/li>\n<\/ul>\n<p>Haz clic ahora mismo para ordenar tu <strong>Tapete de Yoga Wilson 10 mm<\/strong> y disfruta de sus beneficios en tu vida diaria.<\/p>\n<p>\u00a1No esperes m\u00e1s para mejorar tu bienestar!<\/p>\n","protected":false},"featured_media":450,"comment_status":"open","ping_status":"closed","template":"","meta":[],"product_brand":[],"product_cat":[45,40,20,39],"product_tag":[],"class_list":{"0":"post-678","1":"product","2":"type-product","3":"status-publish","4":"has-post-thumbnail","6":"product_cat-fitness","7":"product_cat-pilates","8":"product_cat-unisex","9":"product_cat-yoga","11":"first","12":"instock","13":"purchasable","14":"product-type-variable"},"_links":{"self":[{"href":"https:\/\/tiendasportech.com\/index.php\/wp-json\/wp\/v2\/product\/678","targetHints":{"allow":["GET"]}}],"collection":[{"href":"https:\/\/tiendasportech.com\/index.php\/wp-json\/wp\/v2\/product"}],"about":[{"href":"https:\/\/tiendasportech.com\/index.php\/wp-json\/wp\/v2\/types\/product"}],"replies":[{"embeddable":true,"href":"https:\/\/tiendasportech.com\/index.php\/wp-json\/wp\/v2\/comments?post=678"}],"wp:featuredmedia":[{"embeddable":true,"href":"https:\/\/tiendasportech.com\/index.php\/wp-json\/wp\/v2\/media\/450"}],"wp:attachment":[{"href":"https:\/\/tiendasportech.com\/index.php\/wp-json\/wp\/v2\/media?parent=678"}],"wp:term":[{"taxonomy":"product_brand","embeddable":true,"href":"https:\/\/tiendasportech.com\/index.php\/wp-json\/wp\/v2\/product_brand?post=678"},{"taxonomy":"product_cat","embeddable":true,"href":"https:\/\/tiendasportech.com\/index.php\/wp-json\/wp\/v2\/product_cat?post=678"},{"taxonomy":"product_tag","embeddable":true,"href":"https:\/\/tiendasportech.com\/index.php\/wp-json\/wp\/v2\/product_tag?post=678"}],"curies":[{"name":"wp","href":"https:\/\/api.w.org\/{rel}","templated":true}]}}